{"id":690,"date":"2025-11-10T14:43:38","date_gmt":"2025-11-10T13:43:38","guid":{"rendered":"http:\/\/neu2025.bgw-bohr.de\/company-profile\/"},"modified":"2026-02-04T15:47:10","modified_gmt":"2026-02-04T14:47:10","slug":"company-profile","status":"publish","type":"page","link":"http:\/\/neu2025.bgw-bohr.de\/en\/company-profile\/","title":{"rendered":"Company Profile"},"content":{"rendered":"<p><div class=\"fusion-fullwidth fullwidth-box fusion-builder-row-1 fusion-flex-container has-pattern-background has-mask-background nonhundred-percent-fullwidth non-hundred-percent-height-scrolling\" style=\"--awb-border-radius-top-left:0px;--awb-border-radius-top-right:0px;--awb-border-radius-bottom-right:0px;--awb-border-radius-bottom-left:0px;--awb-flex-wrap:wrap;\" ><div class=\"fusion-builder-row fusion-row fusion-flex-align-items-flex-start fusion-flex-content-wrap\" style=\"max-width:1248px;margin-left: calc(-4% \/ 2 );margin-right: calc(-4% \/ 2 );\"><div class=\"fusion-layout-column fusion_builder_column fusion-builder-column-0 fusion_builder_column_1_1 1_1 fusion-flex-column\" style=\"--awb-bg-size:cover;--awb-width-large:100%;--awb-margin-top-large:0px;--awb-spacing-right-large:1.92%;--awb-margin-bottom-large:20px;--awb-spacing-left-large:1.92%;--awb-width-medium:100%;--awb-order-medium:0;--awb-spacing-right-medium:1.92%;--awb-spacing-left-medium:1.92%;--awb-width-small:100%;--awb-order-small:0;--awb-spacing-right-small:1.92%;--awb-spacing-left-small:1.92%;\"><div class=\"fusion-column-wrapper fusion-column-has-shadow fusion-flex-justify-content-flex-start fusion-content-layout-column\"><div class=\"fusion-title title fusion-title-1 fusion-sep-none fusion-title-text fusion-title-size-one\" style=\"--awb-margin-top-small:10px;--awb-margin-right-small:0px;--awb-margin-bottom-small:10px;--awb-margin-left-small:0px;\"><h1 class=\"fusion-title-heading title-heading-left fusion-responsive-typography-calculated\" style=\"margin:0;--fontSize:50;line-height:var(--awb-typography1-line-height);\">Firmenprofil \/ Firmengeschichte<\/h1><\/div><\/div><\/div><\/div><\/div><div class=\"fusion-fullwidth fullwidth-box fusion-builder-row-2 fusion-flex-container has-pattern-background has-mask-background nonhundred-percent-fullwidth non-hundred-percent-height-scrolling\" style=\"--awb-border-radius-top-left:0px;--awb-border-radius-top-right:0px;--awb-border-radius-bottom-right:0px;--awb-border-radius-bottom-left:0px;--awb-padding-bottom:50px;--awb-flex-wrap:wrap;\" ><div class=\"fusion-builder-row fusion-row fusion-flex-align-items-flex-start fusion-flex-content-wrap\" style=\"max-width:1248px;margin-left: calc(-4% \/ 2 );margin-right: calc(-4% \/ 2 );\"><div class=\"fusion-layout-column fusion_builder_column fusion-builder-column-1 fusion_builder_column_1_2 1_2 fusion-flex-column\" style=\"--awb-bg-size:cover;--awb-width-large:50%;--awb-margin-top-large:0px;--awb-spacing-right-large:3.84%;--awb-margin-bottom-large:20px;--awb-spacing-left-large:3.84%;--awb-width-medium:50%;--awb-order-medium:0;--awb-spacing-right-medium:3.84%;--awb-spacing-left-medium:3.84%;--awb-width-small:100%;--awb-order-small:0;--awb-spacing-right-small:1.92%;--awb-spacing-left-small:1.92%;\"><div class=\"fusion-column-wrapper fusion-column-has-shadow fusion-flex-justify-content-flex-start fusion-content-layout-column\"><div class=\"fusion-text fusion-text-1\"><p>Die Erfolgsgeschichte des Familienunternehmens beginnt in einer kleinen Garage in Steinbach im Main-Spessart-Kreis. 1986 gr\u00fcndet Georg Weidner BGW-Bohr GmbH als Ein-Mann-Betrieb und richtet in der Garage seines Wohnhauses die erste Produktionsst\u00e4tte mit geringen Mitteln ein. Schon bald kann er auch andere f\u00fcr sein Projekt begeistern und Mitarbeiter sowie Aushilfskr\u00e4fte gewinnen. Die Garage hat schnell ausgedient und nach einem Umzug nach Steinfeld bauen Georg Weidner und sein Team in den kommenden Jahren die Firma stetig weiter aus.<\/p>\n<\/div><div class=\"fusion-text fusion-text-2\"><p>Georg Weidner, der von seinen Mitarbeitern als dynamische Gr\u00fcnderpers\u00f6nlichkeit bezeichnet wird, hatte zuerst eine Lehre im Schlosserei- und Metallbau-Betrieb JOHA in Lohr absolviert und danach 10 Jahre bei Mannesmann Rexroth in Lohr gearbeitet, bevor er den Entschluss fasst, sich 1986 selbstst\u00e4ndig zu machen. Der Firmengr\u00fcnder blickt mittlerweile auf eine ereignisreiche Unternehmensgeschichte zur\u00fcck: &#8220;Mit dem Ziel vor Augen, einer der besten Hersteller und H\u00e4ndler innovativer Einbauteile f\u00fcr den Industrie- und Gewerbebau zu sein, konnte das Unternehmen sich kontinuierlich weiterentwickeln.&#8221; Durch diese fortw\u00e4hrende Weiterentwicklung und immer neue Ideen hat sich das Bild des Unternehmens mit der Zeit grundlegend ge\u00e4ndert. In dem heute mittelst\u00e4ndischen Unternehmen sind inzwischen \u00fcber 50 Mitarbeiter am Standort Steinfeld besch\u00e4ftigt, von denen jeder Einzelne vielseitig ausgebildet ist und zum Erfolg von BGW-Bohr GmbH beitr\u00e4gt.<\/p>\n<\/div><\/div><\/div><div class=\"fusion-layout-column fusion_builder_column fusion-builder-column-2 fusion_builder_column_1_2 1_2 fusion-flex-column\" style=\"--awb-bg-size:cover;--awb-width-large:50%;--awb-margin-top-large:0px;--awb-spacing-right-large:3.84%;--awb-margin-bottom-large:20px;--awb-spacing-left-large:3.84%;--awb-width-medium:50%;--awb-order-medium:0;--awb-spacing-right-medium:3.84%;--awb-spacing-left-medium:3.84%;--awb-width-small:100%;--awb-order-small:0;--awb-spacing-right-small:1.92%;--awb-spacing-left-small:1.92%;\"><div class=\"fusion-column-wrapper fusion-column-has-shadow fusion-flex-justify-content-flex-start fusion-content-layout-column\"><div class=\"fusion-image-element \" style=\"--awb-caption-title-font-family:var(--h2_typography-font-family);--awb-caption-title-font-weight:var(--h2_typography-font-weight);--awb-caption-title-font-style:var(--h2_typography-font-style);--awb-caption-title-size:var(--h2_typography-font-size);--awb-caption-title-transform:var(--h2_typography-text-transform);--awb-caption-title-line-height:var(--h2_typography-line-height);--awb-caption-title-letter-spacing:var(--h2_typography-letter-spacing);\"><span class=\" fusion-imageframe imageframe-none imageframe-1 hover-type-none\"><img decoding=\"async\" width=\"1000\" height=\"948\" title=\"luftaufnahme\" src=\"http:\/\/neu2025.bgw-bohr.de\/wp-content\/uploads\/2025\/11\/luftaufnahme.jpg\" data-orig-src=\"http:\/\/neu2025.bgw-bohr.de\/wp-content\/uploads\/2025\/11\/luftaufnahme.jpg\" alt class=\"lazyload img-responsive wp-image-188\" srcset=\"data:image\/svg+xml,%3Csvg%20xmlns%3D%27http%3A%2F%2Fwww.w3.org%2F2000%2Fsvg%27%20width%3D%271000%27%20height%3D%27948%27%20viewBox%3D%270%200%201000%20948%27%3E%3Crect%20width%3D%271000%27%20height%3D%27948%27%20fill-opacity%3D%220%22%2F%3E%3C%2Fsvg%3E\" data-srcset=\"http:\/\/neu2025.bgw-bohr.de\/wp-content\/uploads\/2025\/11\/luftaufnahme-200x190.jpg 200w, http:\/\/neu2025.bgw-bohr.de\/wp-content\/uploads\/2025\/11\/luftaufnahme-400x379.jpg 400w, http:\/\/neu2025.bgw-bohr.de\/wp-content\/uploads\/2025\/11\/luftaufnahme-600x569.jpg 600w, http:\/\/neu2025.bgw-bohr.de\/wp-content\/uploads\/2025\/11\/luftaufnahme-800x758.jpg 800w, http:\/\/neu2025.bgw-bohr.de\/wp-content\/uploads\/2025\/11\/luftaufnahme.jpg 1000w\" data-sizes=\"auto\" data-orig-sizes=\"(max-width: 900px) 100vw, 600px\" \/><\/span><\/div><div class=\"fusion-separator fusion-full-width-sep\" style=\"align-self: center;margin-left: auto;margin-right: auto;width:100%;\"><div class=\"fusion-separator-border sep-shadow\" style=\"--awb-height:20px;--awb-amount:20px;background:radial-gradient(ellipse at 50% -50% , var(--awb-color3) 0px, rgba(255, 255, 255, 0) 80%) repeat scroll 0 0 rgba(0, 0, 0, 0);background:-webkit-radial-gradient(ellipse at 50% -50% , var(--awb-color3) 0px, rgba(255, 255, 255, 0) 80%) repeat scroll 0 0 rgba(0, 0, 0, 0);background:-moz-radial-gradient(ellipse at 50% -50% , var(--awb-color3) 0px, rgba(255, 255, 255, 0) 80%) repeat scroll 0 0 rgba(0, 0, 0, 0);background:-o-radial-gradient(ellipse at 50% -50% , var(--awb-color3) 0px, rgba(255, 255, 255, 0) 80%) repeat scroll 0 0 rgba(0, 0, 0, 0);\"><\/div><\/div><\/div><\/div><\/div><\/div><div class=\"fusion-fullwidth fullwidth-box fusion-builder-row-3 fusion-flex-container has-pattern-background has-mask-background nonhundred-percent-fullwidth non-hundred-percent-height-scrolling\" style=\"--awb-border-radius-top-left:0px;--awb-border-radius-top-right:0px;--awb-border-radius-bottom-right:0px;--awb-border-radius-bottom-left:0px;--awb-padding-bottom:30px;--awb-flex-wrap:wrap;\" ><div class=\"fusion-builder-row fusion-row fusion-flex-align-items-flex-start fusion-flex-content-wrap\" style=\"max-width:1248px;margin-left: calc(-4% \/ 2 );margin-right: calc(-4% \/ 2 );\"><div class=\"fusion-layout-column fusion_builder_column fusion-builder-column-3 fusion_builder_column_1_2 1_2 fusion-flex-column\" style=\"--awb-bg-size:cover;--awb-width-large:50%;--awb-margin-top-large:0px;--awb-spacing-right-large:3.84%;--awb-margin-bottom-large:20px;--awb-spacing-left-large:3.84%;--awb-width-medium:50%;--awb-order-medium:0;--awb-spacing-right-medium:3.84%;--awb-spacing-left-medium:3.84%;--awb-width-small:100%;--awb-order-small:0;--awb-spacing-right-small:1.92%;--awb-spacing-left-small:1.92%;\"><div class=\"fusion-column-wrapper fusion-column-has-shadow fusion-flex-justify-content-flex-start fusion-content-layout-column\"><div class=\"fusion-image-element \" style=\"--awb-caption-title-font-family:var(--h2_typography-font-family);--awb-caption-title-font-weight:var(--h2_typography-font-weight);--awb-caption-title-font-style:var(--h2_typography-font-style);--awb-caption-title-size:var(--h2_typography-font-size);--awb-caption-title-transform:var(--h2_typography-text-transform);--awb-caption-title-line-height:var(--h2_typography-line-height);--awb-caption-title-letter-spacing:var(--h2_typography-letter-spacing);\"><span class=\" fusion-imageframe imageframe-none imageframe-2 hover-type-none\"><img decoding=\"async\" width=\"1000\" height=\"1000\" title=\"produktionsteile_01\" src=\"http:\/\/neu2025.bgw-bohr.de\/wp-content\/uploads\/2025\/11\/produktionsteile_01.jpg\" data-orig-src=\"http:\/\/neu2025.bgw-bohr.de\/wp-content\/uploads\/2025\/11\/produktionsteile_01.jpg\" alt class=\"lazyload img-responsive wp-image-691\" srcset=\"data:image\/svg+xml,%3Csvg%20xmlns%3D%27http%3A%2F%2Fwww.w3.org%2F2000%2Fsvg%27%20width%3D%271000%27%20height%3D%271000%27%20viewBox%3D%270%200%201000%201000%27%3E%3Crect%20width%3D%271000%27%20height%3D%271000%27%20fill-opacity%3D%220%22%2F%3E%3C%2Fsvg%3E\" data-srcset=\"http:\/\/neu2025.bgw-bohr.de\/wp-content\/uploads\/2025\/11\/produktionsteile_01-200x200.jpg 200w, http:\/\/neu2025.bgw-bohr.de\/wp-content\/uploads\/2025\/11\/produktionsteile_01-400x400.jpg 400w, http:\/\/neu2025.bgw-bohr.de\/wp-content\/uploads\/2025\/11\/produktionsteile_01-600x600.jpg 600w, http:\/\/neu2025.bgw-bohr.de\/wp-content\/uploads\/2025\/11\/produktionsteile_01-800x800.jpg 800w, http:\/\/neu2025.bgw-bohr.de\/wp-content\/uploads\/2025\/11\/produktionsteile_01.jpg 1000w\" data-sizes=\"auto\" data-orig-sizes=\"(max-width: 900px) 100vw, 600px\" \/><\/span><\/div><div class=\"fusion-separator fusion-full-width-sep\" style=\"align-self: center;margin-left: auto;margin-right: auto;margin-bottom:25px;width:100%;\"><div class=\"fusion-separator-border sep-shadow\" style=\"--awb-height:20px;--awb-amount:20px;background:radial-gradient(ellipse at 50% -50% , var(--awb-color3) 0px, rgba(255, 255, 255, 0) 80%) repeat scroll 0 0 rgba(0, 0, 0, 0);background:-webkit-radial-gradient(ellipse at 50% -50% , var(--awb-color3) 0px, rgba(255, 255, 255, 0) 80%) repeat scroll 0 0 rgba(0, 0, 0, 0);background:-moz-radial-gradient(ellipse at 50% -50% , var(--awb-color3) 0px, rgba(255, 255, 255, 0) 80%) repeat scroll 0 0 rgba(0, 0, 0, 0);background:-o-radial-gradient(ellipse at 50% -50% , var(--awb-color3) 0px, rgba(255, 255, 255, 0) 80%) repeat scroll 0 0 rgba(0, 0, 0, 0);\"><\/div><\/div><\/div><\/div><div class=\"fusion-layout-column fusion_builder_column fusion-builder-column-4 fusion_builder_column_1_2 1_2 fusion-flex-column\" style=\"--awb-bg-size:cover;--awb-width-large:50%;--awb-margin-top-large:0px;--awb-spacing-right-large:3.84%;--awb-margin-bottom-large:20px;--awb-spacing-left-large:3.84%;--awb-width-medium:50%;--awb-order-medium:0;--awb-spacing-right-medium:3.84%;--awb-spacing-left-medium:3.84%;--awb-width-small:100%;--awb-order-small:0;--awb-spacing-right-small:1.92%;--awb-spacing-left-small:1.92%;\"><div class=\"fusion-column-wrapper fusion-column-has-shadow fusion-flex-justify-content-flex-start fusion-content-layout-column\"><div class=\"fusion-text fusion-text-3\"><p><strong>Die Betriebsst\u00e4tte in Steinfeld<\/strong><br \/>\nIn dem heute mittelst\u00e4ndischen Unternehmen sind inzwischen \u00fcber 50 Mitarbeiter fest besch\u00e4ftigt und dementsprechend musste die Betriebsst\u00e4tte in der Vergangenheit mehrfach durch Umzug bzw. Neubauten vergr\u00f6\u00dfert werden. Das heute firmeneigene Betriebsgel\u00e4nde hat \u00fcber 30.000 m<sup>2<\/sup>\u00a0Grundfl\u00e4che mit 8.100 m<sup>2<\/sup>\u00a0Produktions- und Lagerhallen und 250 m<sup>2<\/sup>\u00a0B\u00fcrofl\u00e4che.<\/p>\n<p><strong>Produkte und Qualit\u00e4t<\/strong><br \/>\nAuch die Produktpalette hat sich der Marktsituation entsprechend angepasst. Anfangs produzierte man haupts\u00e4chlich Kleinteile als Zulieferer der Maschinenbauindustrie. Heute bietet BGW-Bohr GmbH ein komplett eigenes Produktsortiment mit Metallkomponenten als Betoneinbau- und Zulieferteile, vorrangig f\u00fcr die Betonfertigteilindustrie. Bei der Umsetzung des Qualit\u00e4tsmanagements ist BGW-Bohr GmbH besonders stolz auf die Zertifizierung nach Din EN ISO 9002 seit 1996 durch den T\u00dcV Produkt Service im Bereich Produktion und Montage.<\/p>\n<\/div><\/div><\/div><div class=\"fusion-layout-column fusion_builder_column fusion-builder-column-5 fusion_builder_column_1_1 1_1 fusion-flex-column\" style=\"--awb-bg-size:cover;--awb-width-large:100%;--awb-margin-top-large:0px;--awb-spacing-right-large:1.92%;--awb-margin-bottom-large:20px;--awb-spacing-left-large:1.92%;--awb-width-medium:100%;--awb-order-medium:0;--awb-spacing-right-medium:1.92%;--awb-spacing-left-medium:1.92%;--awb-width-small:100%;--awb-order-small:0;--awb-spacing-right-small:1.92%;--awb-spacing-left-small:1.92%;\"><div class=\"fusion-column-wrapper fusion-column-has-shadow fusion-flex-justify-content-flex-start fusion-content-layout-column\"><div class=\"fusion-text fusion-text-4\"><p><strong>Ein Familienunternehmen<\/strong><br \/>\nSeit 2004 sind beide S\u00f6hne des Firmengr\u00fcnders, die Wirtschaftsingenieure Jens und Michael Weidner, im Unternehmen aktiv. Sie setzen sich vor allem f\u00fcr die Entwicklung und den internationalen Ausbau des Unternehmens ein. An der Seite von Gesch\u00e4ftsf\u00fchrer Georg Weidner ist seit 2013 Michael Weidner der Juniorchef bei BGW-Bohr GmbH. Auch weitere Familienmitglieder unterst\u00fctzen das Unternehmen bereits seit vielen Jahren mit gro\u00dfem Engagement. Seit 2024 sind beide S\u00f6hne, neben ihrem Vater Georg Weidner, ebenfalls Gesch\u00e4ftsf\u00fchrer von BGW Bohr.<\/p>\n<\/div><\/div><\/div><\/div><\/div><div class=\"fusion-fullwidth fullwidth-box fusion-builder-row-4 fusion-flex-container has-pattern-background has-mask-background nonhundred-percent-fullwidth non-hundred-percent-height-scrolling\" style=\"--awb-border-radius-top-left:0px;--awb-border-radius-top-right:0px;--awb-border-radius-bottom-right:0px;--awb-border-radius-bottom-left:0px;--awb-padding-bottom:20px;--awb-flex-wrap:wrap;\" ><div class=\"fusion-builder-row fusion-row fusion-flex-align-items-center fusion-flex-content-wrap\" style=\"max-width:1248px;margin-left: calc(-4% \/ 2 );margin-right: calc(-4% \/ 2 );\"><div class=\"fusion-layout-column fusion_builder_column fusion-builder-column-6 fusion_builder_column_2_3 2_3 fusion-flex-column\" style=\"--awb-bg-size:cover;--awb-width-large:66.666666666667%;--awb-margin-top-large:0px;--awb-spacing-right-large:2.88%;--awb-margin-bottom-large:20px;--awb-spacing-left-large:2.88%;--awb-width-medium:66.666666666667%;--awb-order-medium:0;--awb-spacing-right-medium:2.88%;--awb-spacing-left-medium:2.88%;--awb-width-small:100%;--awb-order-small:0;--awb-spacing-right-small:1.92%;--awb-spacing-left-small:1.92%;\"><div class=\"fusion-column-wrapper fusion-column-has-shadow fusion-flex-justify-content-flex-start fusion-content-layout-column\"><div class=\"fusion-text fusion-text-5\"><p><strong>Expansion nach China<br \/>\n<\/strong>Seit dem Jahr 2000 ist man in China durch die Tochtergesellschaft BGW China-Zhejiang Construction Equipment Co. LTD mit \u00fcber 80 Mitarbeitern vertreten. Vorwiegend wird dort f\u00fcr den chinesischen und asiatischen Markt produziert, der mit seinem boomenden Baugesch\u00e4ft gro\u00dfes Potential bietet.<\/p>\n<\/div><\/div><\/div><div class=\"fusion-layout-column fusion_builder_column fusion-builder-column-7 fusion_builder_column_1_3 1_3 fusion-flex-column\" style=\"--awb-bg-size:cover;--awb-width-large:33.333333333333%;--awb-margin-top-large:0px;--awb-spacing-right-large:5.76%;--awb-margin-bottom-large:20px;--awb-spacing-left-large:5.76%;--awb-width-medium:33.333333333333%;--awb-order-medium:0;--awb-spacing-right-medium:5.76%;--awb-spacing-left-medium:5.76%;--awb-width-small:100%;--awb-order-small:0;--awb-spacing-right-small:1.92%;--awb-spacing-left-small:1.92%;\"><div class=\"fusion-column-wrapper fusion-column-has-shadow fusion-flex-justify-content-flex-start fusion-content-layout-column\"><div class=\"fusion-image-element \" style=\"--awb-margin-bottom:20px;--awb-caption-title-font-family:var(--h2_typography-font-family);--awb-caption-title-font-weight:var(--h2_typography-font-weight);--awb-caption-title-font-style:var(--h2_typography-font-style);--awb-caption-title-size:var(--h2_typography-font-size);--awb-caption-title-transform:var(--h2_typography-text-transform);--awb-caption-title-line-height:var(--h2_typography-line-height);--awb-caption-title-letter-spacing:var(--h2_typography-letter-spacing);\"><span class=\" fusion-imageframe imageframe-none imageframe-3 hover-type-none\"><a class=\"fusion-no-lightbox\" href=\"https:\/\/www.bgw-zj.com\/en\/\" target=\"_blank\" aria-label=\"logo_bgw_china-pfade\" rel=\"noopener noreferrer\"><img decoding=\"async\" width=\"540\" height=\"97\" src=\"data:image\/svg+xml,%3Csvg%20xmlns%3D%27http%3A%2F%2Fwww.w3.org%2F2000%2Fsvg%27%20width%3D%27540%27%20height%3D%2797%27%20viewBox%3D%270%200%20540%2097%27%3E%3Crect%20width%3D%27540%27%20height%3D%2797%27%20fill-opacity%3D%220%22%2F%3E%3C%2Fsvg%3E\" data-orig-src=\"http:\/\/neu2025.bgw-bohr.de\/wp-content\/uploads\/2025\/11\/logo_bgw_china-pfade.svg\" alt class=\"lazyload img-responsive wp-image-692\"\/><\/a><\/span><\/div><div ><a class=\"fusion-button button-flat button-small button-default fusion-button-default button-1 fusion-button-default-span fusion-button-default-type\" target=\"_blank\" rel=\"noopener noreferrer\" href=\"https:\/\/www.bgw-zj.com\/en\/\"><i class=\"fa-external-link-alt fas awb-button__icon awb-button__icon--default button-icon-left\" aria-hidden=\"true\"><\/i><span class=\"fusion-button-text awb-button__text awb-button__text--default\">Zur externen Website<\/span><\/a><\/div><\/div><\/div><\/div><\/div><div class=\"fusion-fullwidth fullwidth-box fusion-builder-row-5 fusion-flex-container has-pattern-background has-mask-background nonhundred-percent-fullwidth non-hundred-percent-height-scrolling\" style=\"--awb-border-radius-top-left:0px;--awb-border-radius-top-right:0px;--awb-border-radius-bottom-right:0px;--awb-border-radius-bottom-left:0px;--awb-flex-wrap:wrap;\" ><div class=\"fusion-builder-row fusion-row fusion-flex-align-items-flex-start fusion-flex-content-wrap\" style=\"max-width:1248px;margin-left: calc(-4% \/ 2 );margin-right: calc(-4% \/ 2 );\"><div class=\"fusion-layout-column fusion_builder_column fusion-builder-column-8 fusion_builder_column_1_1 1_1 fusion-flex-column\" style=\"--awb-bg-size:cover;--awb-width-large:100%;--awb-margin-top-large:0px;--awb-spacing-right-large:1.92%;--awb-margin-bottom-large:20px;--awb-spacing-left-large:1.92%;--awb-width-medium:100%;--awb-order-medium:0;--awb-spacing-right-medium:1.92%;--awb-spacing-left-medium:1.92%;--awb-width-small:100%;--awb-order-small:0;--awb-spacing-right-small:1.92%;--awb-spacing-left-small:1.92%;\"><div class=\"fusion-column-wrapper fusion-column-has-shadow fusion-flex-justify-content-flex-start fusion-content-layout-column\"><div class=\"fusion-text fusion-text-6\"><p><strong>Jubil\u00e4um und Expansion in neue Sparten<\/strong><br \/>\nIm Jahr 2016 feiert BGW-Bohr GmbH das 30-j\u00e4hrige Jubil\u00e4um und \u00fcbernimmt im Laufe des Jahres die damals insolvente Firma Willy Kreutz in Steinfeld, dessen Hauptkunden Osram und Philips sind. Zum heutigen Zeitpunkt sind tausende Produkte aus eigener Entwicklung von BGW-Bohr GmbH auf dem Markt, die bei Betonelementen wie Betonfertigdecken, -w\u00e4nden, -treppen zum Einsatz kommen. Die Anzahl von \u00fcber 500 Kunden allein in Deutschland und der enorm hohe Exportanteil stehen f\u00fcr zufriedene Kunden auf der ganzen Welt, die von den Produkten, der Qualit\u00e4t und dem Service bei BGW-Bohr GmbH begeistert sind.<\/p>\n<p><strong>Ausblick<\/strong><br \/>\nAuch in Zukunft bietet das Unternehmen sowohl altbew\u00e4hrte als auch moderne, individuelle L\u00f6sungen f\u00fcr eine neue Baukultur und entwickelt sich mit der Zeit, deren Anspr\u00fcche und mit den Anforderungen seiner Kunden weiter. So kann BGW-Bohr GmbH auch weiterhin einen exzellenten Service und eine hohe Qualit\u00e4t gew\u00e4hrleisten.<\/p>\n<\/div><\/div><\/div><\/div><\/div><\/p>\n","protected":false},"excerpt":{"rendered":"","protected":false},"author":1,"featured_media":0,"parent":0,"menu_order":0,"comment_status":"closed","ping_status":"closed","template":"100-width.php","meta":{"footnotes":""},"class_list":["post-690","page","type-page","status-publish","hentry"],"_links":{"self":[{"href":"http:\/\/neu2025.bgw-bohr.de\/en\/wp-json\/wp\/v2\/pages\/690","targetHints":{"allow":["GET"]}}],"collection":[{"href":"http:\/\/neu2025.bgw-bohr.de\/en\/wp-json\/wp\/v2\/pages"}],"about":[{"href":"http:\/\/neu2025.bgw-bohr.de\/en\/wp-json\/wp\/v2\/types\/page"}],"author":[{"embeddable":true,"href":"http:\/\/neu2025.bgw-bohr.de\/en\/wp-json\/wp\/v2\/users\/1"}],"replies":[{"embeddable":true,"href":"http:\/\/neu2025.bgw-bohr.de\/en\/wp-json\/wp\/v2\/comments?post=690"}],"version-history":[{"count":2,"href":"http:\/\/neu2025.bgw-bohr.de\/en\/wp-json\/wp\/v2\/pages\/690\/revisions"}],"predecessor-version":[{"id":697,"href":"http:\/\/neu2025.bgw-bohr.de\/en\/wp-json\/wp\/v2\/pages\/690\/revisions\/697"}],"wp:attachment":[{"href":"http:\/\/neu2025.bgw-bohr.de\/en\/wp-json\/wp\/v2\/media?parent=690"}],"curies":[{"name":"wp","href":"https:\/\/api.w.org\/{rel}","templated":true}]}}